{"id":1007,"date":"2023-05-26T11:48:52","date_gmt":"2023-05-26T09:48:52","guid":{"rendered":"https:\/\/neusvalencia.com\/reserva-tu-sesion\/"},"modified":"2023-07-07T11:10:29","modified_gmt":"2023-07-07T09:10:29","slug":"book-your-session","status":"publish","type":"page","link":"https:\/\/neusvalencia.com\/en\/book-your-session\/","title":{"rendered":"Book your session"},"content":{"rendered":"\t\t<div data-elementor-type=\"wp-page\" data-elementor-id=\"1007\" class=\"elementor elementor-1007 elementor-935\" data-elementor-post-type=\"page\">\n\t\t\t\t\t\t<section class=\"elementor-section elementor-top-section elementor-element elementor-element-5db65fc elementor-section-full_width elementor-section-height-default elementor-section-height-default\" data-id=\"5db65fc\" data-element_type=\"section\" data-e-type=\"section\" data-settings=\"{&quot;background_background&quot;:&quot;classic&quot;}\">\n\t\t\t\t\t\t<div class=\"elementor-container elementor-column-gap-no\">\n\t\t\t\t\t<div class=\"elementor-column elementor-col-50 elementor-top-column elementor-element elementor-element-d552399\" data-id=\"d552399\" data-element_type=\"column\" data-e-type=\"column\">\n\t\t\t<div class=\"elementor-widget-wrap elementor-element-populated\">\n\t\t\t\t\t\t<div class=\"elementor-element elementor-element-526eb5b elementor-widget elementor-widget-spacer\" data-id=\"526eb5b\" data-element_type=\"widget\" data-e-type=\"widget\" data-widget_type=\"spacer.default\">\n\t\t\t\t<div class=\"elementor-widget-container\">\n\t\t\t\t\t\t\t<div class=\"elementor-spacer\">\n\t\t\t<div class=\"elementor-spacer-inner\"><\/div>\n\t\t<\/div>\n\t\t\t\t\t\t<\/div>\n\t\t\t\t<\/div>\n\t\t\t\t<div class=\"elementor-element elementor-element-b74c66a elementor-widget elementor-widget-heading\" data-id=\"b74c66a\" data-element_type=\"widget\" data-e-type=\"widget\" data-widget_type=\"heading.default\">\n\t\t\t\t<div class=\"elementor-widget-container\">\n\t\t\t\t\t<h1 class=\"elementor-heading-title elementor-size-default\">Your journey towards the life you want to live starts here.<\/h1>\t\t\t\t<\/div>\n\t\t\t\t<\/div>\n\t\t\t\t<div class=\"elementor-element elementor-element-7b4bb79 elementor-widget elementor-widget-spacer\" data-id=\"7b4bb79\" data-element_type=\"widget\" data-e-type=\"widget\" data-widget_type=\"spacer.default\">\n\t\t\t\t<div class=\"elementor-widget-container\">\n\t\t\t\t\t\t\t<div class=\"elementor-spacer\">\n\t\t\t<div class=\"elementor-spacer-inner\"><\/div>\n\t\t<\/div>\n\t\t\t\t\t\t<\/div>\n\t\t\t\t<\/div>\n\t\t\t\t<div class=\"elementor-element elementor-element-4795451 elementor-widget elementor-widget-heading\" data-id=\"4795451\" data-element_type=\"widget\" data-e-type=\"widget\" data-widget_type=\"heading.default\">\n\t\t\t\t<div class=\"elementor-widget-container\">\n\t\t\t\t\t<h5 class=\"elementor-heading-title elementor-size-default\">In-person sessions in Barcelona, and online sessions wherever you are<\/h5>\t\t\t\t<\/div>\n\t\t\t\t<\/div>\n\t\t\t\t<div class=\"elementor-element elementor-element-d29a39d elementor-widget elementor-widget-spacer\" data-id=\"d29a39d\" data-element_type=\"widget\" data-e-type=\"widget\" data-widget_type=\"spacer.default\">\n\t\t\t\t<div class=\"elementor-widget-container\">\n\t\t\t\t\t\t\t<div class=\"elementor-spacer\">\n\t\t\t<div class=\"elementor-spacer-inner\"><\/div>\n\t\t<\/div>\n\t\t\t\t\t\t<\/div>\n\t\t\t\t<\/div>\n\t\t\t\t\t<\/div>\n\t\t<\/div>\n\t\t\t\t<div class=\"elementor-column elementor-col-50 elementor-top-column elementor-element elementor-element-acf7c87\" data-id=\"acf7c87\" data-element_type=\"column\" data-e-type=\"column\">\n\t\t\t<div class=\"elementor-widget-wrap elementor-element-populated\">\n\t\t\t\t\t\t<div class=\"elementor-element elementor-element-67da303 elementor-widget elementor-widget-image\" data-id=\"67da303\" data-element_type=\"widget\" data-e-type=\"widget\" data-widget_type=\"image.default\">\n\t\t\t\t<div class=\"elementor-widget-container\">\n\t\t\t\t\t\t\t\t\t\t\t\t\t\t\t<img fetchpriority=\"high\" decoding=\"async\" width=\"900\" height=\"710\" src=\"https:\/\/neusvalencia.com\/wp-content\/uploads\/2022\/05\/sesiones-individuales-de-acompan\u0303amiento-personalizado-en-perdidas-y-duelo.jpg\" class=\"attachment-full size-full wp-image-889\" alt=\"\" srcset=\"https:\/\/neusvalencia.com\/wp-content\/uploads\/2022\/05\/sesiones-individuales-de-acompan\u0303amiento-personalizado-en-perdidas-y-duelo.jpg 900w, https:\/\/neusvalencia.com\/wp-content\/uploads\/2022\/05\/sesiones-individuales-de-acompan\u0303amiento-personalizado-en-perdidas-y-duelo-300x237.jpg 300w, https:\/\/neusvalencia.com\/wp-content\/uploads\/2022\/05\/sesiones-individuales-de-acompan\u0303amiento-personalizado-en-perdidas-y-duelo-768x606.jpg 768w\" sizes=\"(max-width: 900px) 100vw, 900px\" \/>\t\t\t\t\t\t\t\t\t\t\t\t\t\t\t<\/div>\n\t\t\t\t<\/div>\n\t\t\t\t\t<\/div>\n\t\t<\/div>\n\t\t\t\t\t<\/div>\n\t\t<\/section>\n\t\t\t\t<section class=\"elementor-section elementor-top-section elementor-element elementor-element-4361528 elementor-section-full_width elementor-section-height-default elementor-section-height-default\" data-id=\"4361528\" data-element_type=\"section\" data-e-type=\"section\" data-settings=\"{&quot;background_background&quot;:&quot;classic&quot;}\">\n\t\t\t\t\t\t<div class=\"elementor-container elementor-column-gap-no\">\n\t\t\t\t\t<div class=\"elementor-column elementor-col-50 elementor-top-column elementor-element elementor-element-c1ec414\" data-id=\"c1ec414\" data-element_type=\"column\" data-e-type=\"column\">\n\t\t\t<div class=\"elementor-widget-wrap elementor-element-populated\">\n\t\t\t\t\t\t<div class=\"elementor-element elementor-element-edcdb2d elementor-widget elementor-widget-spacer\" data-id=\"edcdb2d\" data-element_type=\"widget\" data-e-type=\"widget\" data-widget_type=\"spacer.default\">\n\t\t\t\t<div class=\"elementor-widget-container\">\n\t\t\t\t\t\t\t<div class=\"elementor-spacer\">\n\t\t\t<div class=\"elementor-spacer-inner\"><\/div>\n\t\t<\/div>\n\t\t\t\t\t\t<\/div>\n\t\t\t\t<\/div>\n\t\t\t\t<div class=\"elementor-element elementor-element-1805146 elementor-widget elementor-widget-heading\" data-id=\"1805146\" data-element_type=\"widget\" data-e-type=\"widget\" data-widget_type=\"heading.default\">\n\t\t\t\t<div class=\"elementor-widget-container\">\n\t\t\t\t\t<h1 class=\"elementor-heading-title elementor-size-default\">Book your session<\/h1>\t\t\t\t<\/div>\n\t\t\t\t<\/div>\n\t\t\t\t\t<\/div>\n\t\t<\/div>\n\t\t\t\t<div class=\"elementor-column elementor-col-50 elementor-top-column elementor-element elementor-element-2047d76\" data-id=\"2047d76\" data-element_type=\"column\" data-e-type=\"column\">\n\t\t\t<div class=\"elementor-widget-wrap\">\n\t\t\t\t\t\t\t<\/div>\n\t\t<\/div>\n\t\t\t\t\t<\/div>\n\t\t<\/section>\n\t\t\t\t<section class=\"elementor-section elementor-top-section elementor-element elementor-element-ff30ef3 elementor-section-full_width elementor-section-height-default elementor-section-height-default\" data-id=\"ff30ef3\" data-element_type=\"section\" data-e-type=\"section\" data-settings=\"{&quot;background_background&quot;:&quot;classic&quot;}\">\n\t\t\t\t\t\t<div class=\"elementor-container elementor-column-gap-no\">\n\t\t\t\t\t<div class=\"elementor-column elementor-col-100 elementor-top-column elementor-element elementor-element-809428d\" data-id=\"809428d\" data-element_type=\"column\" data-e-type=\"column\">\n\t\t\t<div class=\"elementor-widget-wrap elementor-element-populated\">\n\t\t\t\t\t\t<div class=\"elementor-element elementor-element-bd8ce3b elementor-widget elementor-widget-html\" data-id=\"bd8ce3b\" data-element_type=\"widget\" data-e-type=\"widget\" data-widget_type=\"html.default\">\n\t\t\t\t<div class=\"elementor-widget-container\">\n\t\t\t\t\t<!-- Calendly inline widget begin -->\n<div class=\"calendly-inline-widget\" data-url=\"https:\/\/calendly.com\/neus_valencia?hide_landing_page_details=1\" style=\"min-width:320px;height:630px;\"><\/div>\n<script type=\"text\/javascript\" src=\"https:\/\/assets.calendly.com\/assets\/external\/widget.js\" async=\"\"><\/script>\n<!-- Calendly inline widget end -->\t\t\t\t<\/div>\n\t\t\t\t<\/div>\n\t\t\t\t<div class=\"elementor-element elementor-element-2e0902f elementor-widget elementor-widget-spacer\" data-id=\"2e0902f\" data-element_type=\"widget\" data-e-type=\"widget\" data-widget_type=\"spacer.default\">\n\t\t\t\t<div class=\"elementor-widget-container\">\n\t\t\t\t\t\t\t<div class=\"elementor-spacer\">\n\t\t\t<div class=\"elementor-spacer-inner\"><\/div>\n\t\t<\/div>\n\t\t\t\t\t\t<\/div>\n\t\t\t\t<\/div>\n\t\t\t\t<div class=\"elementor-element elementor-element-f80acd7 elementor-widget elementor-widget-spacer\" data-id=\"f80acd7\" data-element_type=\"widget\" data-e-type=\"widget\" data-widget_type=\"spacer.default\">\n\t\t\t\t<div class=\"elementor-widget-container\">\n\t\t\t\t\t\t\t<div class=\"elementor-spacer\">\n\t\t\t<div class=\"elementor-spacer-inner\"><\/div>\n\t\t<\/div>\n\t\t\t\t\t\t<\/div>\n\t\t\t\t<\/div>\n\t\t\t\t\t<\/div>\n\t\t<\/div>\n\t\t\t\t\t<\/div>\n\t\t<\/section>\n\t\t\t\t<\/div>\n\t\t","protected":false},"excerpt":{"rendered":"<p>Your journey towards the life you want to live starts here. In-person sessions in Barcelona, and online sessions wherever you are<\/p>\n","protected":false},"author":1,"featured_media":0,"parent":0,"menu_order":0,"comment_status":"closed","ping_status":"closed","template":"","meta":{"footnotes":""},"class_list":["post-1007","page","type-page","status-publish","hentry"],"yoast_head":"<!-- This site is optimized with the Yoast SEO plugin v27.3 - https:\/\/yoast.com\/product\/yoast-seo-wordpress\/ -->\n<title>Neus Valencia &#8226; Reserva tu sesi\u00f3n de terapia en Barcelona<\/title>\n<meta name=\"description\" content=\"Reserva aqu\u00ed tu sesi\u00f3n de terapia presencial en Barcelona, y online est\u00e9s donde est\u00e9s, con Neus Valencia Terapeuta Integrativa Relacional.\" \/>\n<meta name=\"robots\" content=\"index, follow, max-snippet:-1, max-image-preview:large, max-video-preview:-1\" \/>\n<link rel=\"canonical\" href=\"https:\/\/neusvalencia.com\/en\/book-your-session\/\" \/>\n<meta property=\"og:locale\" content=\"en_US\" \/>\n<meta property=\"og:type\" content=\"article\" \/>\n<meta property=\"og:title\" content=\"Neus Valencia &#8226; Reserva tu sesi\u00f3n de terapia en Barcelona\" \/>\n<meta property=\"og:description\" content=\"Reserva aqu\u00ed tu sesi\u00f3n de terapia presencial en Barcelona, y online est\u00e9s donde est\u00e9s, con Neus Valencia Terapeuta Integrativa Relacional.\" \/>\n<meta property=\"og:url\" content=\"https:\/\/neusvalencia.com\/en\/book-your-session\/\" \/>\n<meta property=\"og:site_name\" content=\"Neus Valencia\" \/>\n<meta property=\"article:modified_time\" content=\"2023-07-07T09:10:29+00:00\" \/>\n<meta name=\"twitter:card\" content=\"summary_large_image\" \/>\n<meta name=\"twitter:label1\" content=\"Est. reading time\" \/>\n\t<meta name=\"twitter:data1\" content=\"1 minute\" \/>\n<script type=\"application\/ld+json\" class=\"yoast-schema-graph\">{\"@context\":\"https:\\\/\\\/schema.org\",\"@graph\":[{\"@type\":\"WebPage\",\"@id\":\"https:\\\/\\\/neusvalencia.com\\\/en\\\/book-your-session\\\/\",\"url\":\"https:\\\/\\\/neusvalencia.com\\\/en\\\/book-your-session\\\/\",\"name\":\"Neus Valencia &#8226; Reserva tu sesi\u00f3n de terapia en Barcelona\",\"isPartOf\":{\"@id\":\"https:\\\/\\\/neusvalencia.com\\\/en\\\/#website\"},\"datePublished\":\"2023-05-26T09:48:52+00:00\",\"dateModified\":\"2023-07-07T09:10:29+00:00\",\"description\":\"Reserva aqu\u00ed tu sesi\u00f3n de terapia presencial en Barcelona, y online est\u00e9s donde est\u00e9s, con Neus Valencia Terapeuta Integrativa Relacional.\",\"breadcrumb\":{\"@id\":\"https:\\\/\\\/neusvalencia.com\\\/en\\\/book-your-session\\\/#breadcrumb\"},\"inLanguage\":\"en-US\",\"potentialAction\":[{\"@type\":\"ReadAction\",\"target\":[\"https:\\\/\\\/neusvalencia.com\\\/en\\\/book-your-session\\\/\"]}]},{\"@type\":\"BreadcrumbList\",\"@id\":\"https:\\\/\\\/neusvalencia.com\\\/en\\\/book-your-session\\\/#breadcrumb\",\"itemListElement\":[{\"@type\":\"ListItem\",\"position\":1,\"name\":\"Portada\",\"item\":\"https:\\\/\\\/neusvalencia.com\\\/en\\\/home\\\/\"},{\"@type\":\"ListItem\",\"position\":2,\"name\":\"Book your session\"}]},{\"@type\":\"WebSite\",\"@id\":\"https:\\\/\\\/neusvalencia.com\\\/en\\\/#website\",\"url\":\"https:\\\/\\\/neusvalencia.com\\\/en\\\/\",\"name\":\"Neus Valencia\",\"description\":\"Terapeuta Integrativa Relacional \u00b7 Acompa\u00f1amiento en el duelo\",\"publisher\":{\"@id\":\"https:\\\/\\\/neusvalencia.com\\\/en\\\/#organization\"},\"potentialAction\":[{\"@type\":\"SearchAction\",\"target\":{\"@type\":\"EntryPoint\",\"urlTemplate\":\"https:\\\/\\\/neusvalencia.com\\\/en\\\/?s={search_term_string}\"},\"query-input\":{\"@type\":\"PropertyValueSpecification\",\"valueRequired\":true,\"valueName\":\"search_term_string\"}}],\"inLanguage\":\"en-US\"},{\"@type\":\"Organization\",\"@id\":\"https:\\\/\\\/neusvalencia.com\\\/en\\\/#organization\",\"name\":\"Neus Valencia \u00b7 Terapeuta Integrativa Relacional\",\"url\":\"https:\\\/\\\/neusvalencia.com\\\/en\\\/\",\"logo\":{\"@type\":\"ImageObject\",\"inLanguage\":\"en-US\",\"@id\":\"https:\\\/\\\/neusvalencia.com\\\/en\\\/#\\\/schema\\\/logo\\\/image\\\/\",\"url\":\"https:\\\/\\\/neusvalencia.com\\\/wp-content\\\/uploads\\\/2022\\\/04\\\/logo_nv_header-1.svg\",\"contentUrl\":\"https:\\\/\\\/neusvalencia.com\\\/wp-content\\\/uploads\\\/2022\\\/04\\\/logo_nv_header-1.svg\",\"width\":500,\"height\":136,\"caption\":\"Neus Valencia \u00b7 Terapeuta Integrativa Relacional\"},\"image\":{\"@id\":\"https:\\\/\\\/neusvalencia.com\\\/en\\\/#\\\/schema\\\/logo\\\/image\\\/\"}}]}<\/script>\n<!-- \/ Yoast SEO plugin. -->","yoast_head_json":{"title":"Neus Valencia &#8226; Reserva tu sesi\u00f3n de terapia en Barcelona","description":"Reserva aqu\u00ed tu sesi\u00f3n de terapia presencial en Barcelona, y online est\u00e9s donde est\u00e9s, con Neus Valencia Terapeuta Integrativa Relacional.","robots":{"index":"index","follow":"follow","max-snippet":"max-snippet:-1","max-image-preview":"max-image-preview:large","max-video-preview":"max-video-preview:-1"},"canonical":"https:\/\/neusvalencia.com\/en\/book-your-session\/","og_locale":"en_US","og_type":"article","og_title":"Neus Valencia &#8226; Reserva tu sesi\u00f3n de terapia en Barcelona","og_description":"Reserva aqu\u00ed tu sesi\u00f3n de terapia presencial en Barcelona, y online est\u00e9s donde est\u00e9s, con Neus Valencia Terapeuta Integrativa Relacional.","og_url":"https:\/\/neusvalencia.com\/en\/book-your-session\/","og_site_name":"Neus Valencia","article_modified_time":"2023-07-07T09:10:29+00:00","twitter_card":"summary_large_image","twitter_misc":{"Est. reading time":"1 minute"},"schema":{"@context":"https:\/\/schema.org","@graph":[{"@type":"WebPage","@id":"https:\/\/neusvalencia.com\/en\/book-your-session\/","url":"https:\/\/neusvalencia.com\/en\/book-your-session\/","name":"Neus Valencia &#8226; Reserva tu sesi\u00f3n de terapia en Barcelona","isPartOf":{"@id":"https:\/\/neusvalencia.com\/en\/#website"},"datePublished":"2023-05-26T09:48:52+00:00","dateModified":"2023-07-07T09:10:29+00:00","description":"Reserva aqu\u00ed tu sesi\u00f3n de terapia presencial en Barcelona, y online est\u00e9s donde est\u00e9s, con Neus Valencia Terapeuta Integrativa Relacional.","breadcrumb":{"@id":"https:\/\/neusvalencia.com\/en\/book-your-session\/#breadcrumb"},"inLanguage":"en-US","potentialAction":[{"@type":"ReadAction","target":["https:\/\/neusvalencia.com\/en\/book-your-session\/"]}]},{"@type":"BreadcrumbList","@id":"https:\/\/neusvalencia.com\/en\/book-your-session\/#breadcrumb","itemListElement":[{"@type":"ListItem","position":1,"name":"Portada","item":"https:\/\/neusvalencia.com\/en\/home\/"},{"@type":"ListItem","position":2,"name":"Book your session"}]},{"@type":"WebSite","@id":"https:\/\/neusvalencia.com\/en\/#website","url":"https:\/\/neusvalencia.com\/en\/","name":"Neus Valencia","description":"Terapeuta Integrativa Relacional \u00b7 Acompa\u00f1amiento en el duelo","publisher":{"@id":"https:\/\/neusvalencia.com\/en\/#organization"},"potentialAction":[{"@type":"SearchAction","target":{"@type":"EntryPoint","urlTemplate":"https:\/\/neusvalencia.com\/en\/?s={search_term_string}"},"query-input":{"@type":"PropertyValueSpecification","valueRequired":true,"valueName":"search_term_string"}}],"inLanguage":"en-US"},{"@type":"Organization","@id":"https:\/\/neusvalencia.com\/en\/#organization","name":"Neus Valencia \u00b7 Terapeuta Integrativa Relacional","url":"https:\/\/neusvalencia.com\/en\/","logo":{"@type":"ImageObject","inLanguage":"en-US","@id":"https:\/\/neusvalencia.com\/en\/#\/schema\/logo\/image\/","url":"https:\/\/neusvalencia.com\/wp-content\/uploads\/2022\/04\/logo_nv_header-1.svg","contentUrl":"https:\/\/neusvalencia.com\/wp-content\/uploads\/2022\/04\/logo_nv_header-1.svg","width":500,"height":136,"caption":"Neus Valencia \u00b7 Terapeuta Integrativa Relacional"},"image":{"@id":"https:\/\/neusvalencia.com\/en\/#\/schema\/logo\/image\/"}}]}},"_links":{"self":[{"href":"https:\/\/neusvalencia.com\/en\/wp-json\/wp\/v2\/pages\/1007","targetHints":{"allow":["GET"]}}],"collection":[{"href":"https:\/\/neusvalencia.com\/en\/wp-json\/wp\/v2\/pages"}],"about":[{"href":"https:\/\/neusvalencia.com\/en\/wp-json\/wp\/v2\/types\/page"}],"author":[{"embeddable":true,"href":"https:\/\/neusvalencia.com\/en\/wp-json\/wp\/v2\/users\/1"}],"replies":[{"embeddable":true,"href":"https:\/\/neusvalencia.com\/en\/wp-json\/wp\/v2\/comments?post=1007"}],"version-history":[{"count":4,"href":"https:\/\/neusvalencia.com\/en\/wp-json\/wp\/v2\/pages\/1007\/revisions"}],"predecessor-version":[{"id":1079,"href":"https:\/\/neusvalencia.com\/en\/wp-json\/wp\/v2\/pages\/1007\/revisions\/1079"}],"wp:attachment":[{"href":"https:\/\/neusvalencia.com\/en\/wp-json\/wp\/v2\/media?parent=1007"}],"curies":[{"name":"wp","href":"https:\/\/api.w.org\/{rel}","templated":true}]}}